{"id":73,"date":"2017-10-19T21:20:31","date_gmt":"2017-10-19T20:20:31","guid":{"rendered":"http:\/\/www.dafra.sk\/?page_id=73"},"modified":"2017-10-21T10:36:06","modified_gmt":"2017-10-21T09:36:06","slug":"oprava-elektroniky","status":"publish","type":"page","link":"https:\/\/www.dafra.sk\/?page_id=73","title":{"rendered":"OPRAVA ELEKTRONIKY"},"content":{"rendered":"<p>Vykon\u00e1vame z\u00e1ru\u010dn\u00fd a\u00a0po-z\u00e1ru\u010dn\u00fd servis elektroniky , telev\u00edzorov , satelitnej techniky , audio techniky a\u00a0opravou in\u00fdch \u0161pecializovan\u00fdch elektronick\u00fdch pr\u00edstrojov a opravy obecn\u00fdch rozhlasov.<\/p>\n<p>&nbsp;<\/p>\n<p>&nbsp;<\/p>\n<p>Vykon\u00e1vame z\u00e1ru\u010dn\u00fd a\u00a0poz\u00e1ru\u010dn\u00fd servis elektroniky , telev\u00edzorov , satelitnej techniky , audio techniky a\u00a0opravou in\u00fdch \u0161pecializovan\u00fdch elektronick\u00fdch pr\u00edstrojov , opravy obecn\u00fdch rozhlasov<\/p>\n<p>-poz\u00e1ru\u010dn\u00fd servis LCD TV a\u00a0PLASMA TV zna\u010dky SAMSUNG , LG, PHILIPS,SONY,THOMPSON,ORAVA,SENCOR,TESLA a\u00a0mno\u017estvo in\u00fdch<\/p>\n<p>-oprava satelitnej techniky , satelitn\u00fdch prij\u00edma\u010dov po\u0161koden\u00fdch po blesku alebo po \u201eb\u00farke\u201c<\/p>\n<p>-oprava audio techniky ,oprava zosil\u0148ova\u010dov zvuku , mix pultov, 100V techniky<\/p>\n<p>-v\u00fdstavba a\u00a0servis miestnych obecn\u00fdch rozhlasov a\u00a0\u00fastredn\u00ed , oprava 100V rozhlasu v\u00a0objektoch<\/p>\n<p>-opravy stabilizovan\u00fdch zdrojov , r\u00f4znej elektroniky<\/p>\n","protected":false},"excerpt":{"rendered":"<p>Vykon\u00e1vame z\u00e1ru\u010dn\u00fd a\u00a0po-z\u00e1ru\u010dn\u00fd servis elektroniky , telev\u00edzorov , satelitnej techniky , audio techniky a\u00a0opravou in\u00fdch \u0161pecializovan\u00fdch elektronick\u00fdch pr\u00edstrojov a opravy obecn\u00fdch rozhlasov. &nbsp; &nbsp; Vykon\u00e1vame z\u00e1ru\u010dn\u00fd a\u00a0poz\u00e1ru\u010dn\u00fd servis elektroniky , telev\u00edzorov , satelitnej techniky , audio techniky a\u00a0opravou in\u00fdch \u0161pecializovan\u00fdch elektronick\u00fdch pr\u00edstrojov , opravy obecn\u00fdch&#8230;<\/p>\n","protected":false},"author":1,"featured_media":0,"parent":0,"menu_order":6,"comment_status":"closed","ping_status":"closed","template":"","meta":{"footnotes":""},"_links":{"self":[{"href":"https:\/\/www.dafra.sk\/index.php?rest_route=\/wp\/v2\/pages\/73"}],"collection":[{"href":"https:\/\/www.dafra.sk\/index.php?rest_route=\/wp\/v2\/pages"}],"about":[{"href":"https:\/\/www.dafra.sk\/index.php?rest_route=\/wp\/v2\/types\/page"}],"author":[{"embeddable":true,"href":"https:\/\/www.dafra.sk\/index.php?rest_route=\/wp\/v2\/users\/1"}],"replies":[{"embeddable":true,"href":"https:\/\/www.dafra.sk\/index.php?rest_route=%2Fwp%2Fv2%2Fcomments&post=73"}],"version-history":[{"count":2,"href":"https:\/\/www.dafra.sk\/index.php?rest_route=\/wp\/v2\/pages\/73\/revisions"}],"predecessor-version":[{"id":137,"href":"https:\/\/www.dafra.sk\/index.php?rest_route=\/wp\/v2\/pages\/73\/revisions\/137"}],"wp:attachment":[{"href":"https:\/\/www.dafra.sk\/index.php?rest_route=%2Fwp%2Fv2%2Fmedia&parent=73"}],"curies":[{"name":"wp","href":"https:\/\/api.w.org\/{rel}","templated":true}]}}