{"id":71,"date":"2017-10-19T21:19:40","date_gmt":"2017-10-19T20:19:40","guid":{"rendered":"http:\/\/www.dafra.sk\/?page_id=71"},"modified":"2017-10-21T10:35:44","modified_gmt":"2017-10-21T09:35:44","slug":"alarmy","status":"publish","type":"page","link":"https:\/\/www.dafra.sk\/?page_id=71","title":{"rendered":"ALARMY"},"content":{"rendered":"<p>V\u00a0dne\u0161nej dobe si mus\u00edme chr\u00e1ni\u0165 svoj dom ,chatu \u010di firmu nie len kamerov\u00fdm syst\u00e9mom ale aj alarmom ktor\u00fd V\u00e1s varuje okam\u017eite ako sa nie\u010do deje.<\/p>\n<p>&nbsp;<\/p>\n<p>&nbsp;<\/p>\n<p>V\u00a0dne\u0161nej dobe si mus\u00edme chr\u00e1ni\u0165 svoj dom ,chatu \u010di firmu nie len kamerov\u00fdm syst\u00e9mom ale aj alarmom ktor\u00fd n\u00e1s varuje hne\u010f ako sa nie\u010do deje. Sme mont\u00e1\u017enym a\u00a0servisn\u00fdm partnerom spolo\u010dnosti JABLOTRON ktor\u00e1 je l\u00eddrom na trhu so elektornick\u00fdmi zabezpe\u010dovac\u00edmi syst\u00e9mami. Jej zariadenia s\u00fa ve\u013emi kvalitn\u00e9 a\u00a0cenovo dostupn\u00e9 ale hlavne spo\u013eahliv\u00e9. Dnes u\u017e alarm nie je len pohybov\u00fd senzor a\u00a0kl\u00e1vesnica kde zad\u00e1vate k\u00f3d na vypnutie ochrany ale k\u00a0syst\u00e9mu jablotron 100 vieme pripoji\u0165 takmer ak\u00e9ko\u013evek elektronick\u00e9 zariadenie )napr\u00edklad zavla\u017eovanie tr\u00e1vniku, viete pomocou \u00fastredne alarmu ovl\u00e1da\u0165 k\u00farenie , vypn\u00fa\u0165 a\u00a0zapn\u00fa\u0165 svetlo, otv\u00e1ranie gar\u00e1\u017eovej br\u00e1ny a\u00a0stovky in\u00fdch funkcii )<\/p>\n","protected":false},"excerpt":{"rendered":"<p>V\u00a0dne\u0161nej dobe si mus\u00edme chr\u00e1ni\u0165 svoj dom ,chatu \u010di firmu nie len kamerov\u00fdm syst\u00e9mom ale aj alarmom ktor\u00fd V\u00e1s varuje okam\u017eite ako sa nie\u010do deje. &nbsp; &nbsp; V\u00a0dne\u0161nej dobe si mus\u00edme chr\u00e1ni\u0165 svoj dom ,chatu \u010di firmu nie len kamerov\u00fdm syst\u00e9mom ale aj alarmom ktor\u00fd&#8230;<\/p>\n","protected":false},"author":1,"featured_media":0,"parent":0,"menu_order":3,"comment_status":"closed","ping_status":"closed","template":"","meta":{"footnotes":""},"_links":{"self":[{"href":"https:\/\/www.dafra.sk\/index.php?rest_route=\/wp\/v2\/pages\/71"}],"collection":[{"href":"https:\/\/www.dafra.sk\/index.php?rest_route=\/wp\/v2\/pages"}],"about":[{"href":"https:\/\/www.dafra.sk\/index.php?rest_route=\/wp\/v2\/types\/page"}],"author":[{"embeddable":true,"href":"https:\/\/www.dafra.sk\/index.php?rest_route=\/wp\/v2\/users\/1"}],"replies":[{"embeddable":true,"href":"https:\/\/www.dafra.sk\/index.php?rest_route=%2Fwp%2Fv2%2Fcomments&post=71"}],"version-history":[{"count":4,"href":"https:\/\/www.dafra.sk\/index.php?rest_route=\/wp\/v2\/pages\/71\/revisions"}],"predecessor-version":[{"id":136,"href":"https:\/\/www.dafra.sk\/index.php?rest_route=\/wp\/v2\/pages\/71\/revisions\/136"}],"wp:attachment":[{"href":"https:\/\/www.dafra.sk\/index.php?rest_route=%2Fwp%2Fv2%2Fmedia&parent=71"}],"curies":[{"name":"wp","href":"https:\/\/api.w.org\/{rel}","templated":true}]}}