{"id":67,"date":"2017-10-19T21:17:31","date_gmt":"2017-10-19T20:17:31","guid":{"rendered":"http:\/\/www.dafra.sk\/?page_id=67"},"modified":"2017-10-21T10:34:30","modified_gmt":"2017-10-21T09:34:30","slug":"satelity","status":"publish","type":"page","link":"https:\/\/www.dafra.sk\/?page_id=67","title":{"rendered":"SATELITY"},"content":{"rendered":"<p>Ako autorizovan\u00fd predajca slu\u017eieb naj\u017eiadanej\u0161\u00ed slovensk\u00fdch oper\u00e1torov SKYLINK , FREESAT, ANTIK TELECOM , DIGI TV, PLUSTELKA,FLIX \u00a0 vieme pre V\u00e1s zabezpe\u010di\u0165 najlep\u0161ie zmluvn\u00e9 podmienky,programov\u00e9 bal\u00ed\u010dky pod\u013ea va\u0161ich potrieb<\/p>\n<p>&nbsp;<\/p>\n<p>&nbsp;<\/p>\n<p>V\u010faka tomu \u017ee spolupracujeme s\u00a0viacer\u00fdmi oper\u00e1tormi vieme v\u00e1m navrhn\u00fa\u0165 programov\u00fa skladbu \u201eu\u0161it\u00fa\u201c priamo pre v\u00e1\u0161 a\u00a0va\u0161u rodinu . Dnes sa u\u017e mesa\u010dn\u00fdm platb\u00e1m za Telev\u00edziu nevyhnete ale m\u00e1me mno\u017estvo pon\u00fak pre rodiny kde m\u00e1te jednu zmluvu a\u00a0vyu\u017e\u00edvate satelitn\u00e9 slu\u017eby na viacer\u00fdch miestach (doma a\u00a0chata alebo doma a\u00a0star\u00fd rodi\u010dia) t\u00fdm p\u00e1dom v\u00e1m u\u0161etr\u00edme nemal\u00e9 v\u00fddavky ktor\u00e9 mus\u00edte teraz plati\u0165 mesa\u010dn\u00e9 .<\/p>\n<p>Mate chatu , vinicn\u00fd dom\u00a0 , letn\u00e9 \u010d\u00ed zimne s\u00eddlo ktor\u00e9 nav\u0161tevujete sporadicky ale chcete si pozrie\u0165 telev\u00edzor aj tam\u00a0 ? aj pre v\u00e1\u0161 mame ponuku z\u00e1kladn\u00fdch satelitn\u00fdch programov za jednorazov\u00fd ro\u010dn\u00fd poplatok (netreba plati\u0165 mesa\u010dn\u00e9 ni\u010d!)<\/p>\n","protected":false},"excerpt":{"rendered":"<p>Ako autorizovan\u00fd predajca slu\u017eieb naj\u017eiadanej\u0161\u00ed slovensk\u00fdch oper\u00e1torov SKYLINK , FREESAT, ANTIK TELECOM , DIGI TV, PLUSTELKA,FLIX \u00a0 vieme pre V\u00e1s zabezpe\u010di\u0165 najlep\u0161ie zmluvn\u00e9 podmienky,programov\u00e9 bal\u00ed\u010dky pod\u013ea va\u0161ich potrieb &nbsp; &nbsp; V\u010faka tomu \u017ee spolupracujeme s\u00a0viacer\u00fdmi oper\u00e1tormi vieme v\u00e1m navrhn\u00fa\u0165 programov\u00fa skladbu \u201eu\u0161it\u00fa\u201c priamo pre v\u00e1\u0161&#8230;<\/p>\n","protected":false},"author":1,"featured_media":0,"parent":0,"menu_order":2,"comment_status":"closed","ping_status":"closed","template":"","meta":{"footnotes":""},"_links":{"self":[{"href":"https:\/\/www.dafra.sk\/index.php?rest_route=\/wp\/v2\/pages\/67"}],"collection":[{"href":"https:\/\/www.dafra.sk\/index.php?rest_route=\/wp\/v2\/pages"}],"about":[{"href":"https:\/\/www.dafra.sk\/index.php?rest_route=\/wp\/v2\/types\/page"}],"author":[{"embeddable":true,"href":"https:\/\/www.dafra.sk\/index.php?rest_route=\/wp\/v2\/users\/1"}],"replies":[{"embeddable":true,"href":"https:\/\/www.dafra.sk\/index.php?rest_route=%2Fwp%2Fv2%2Fcomments&post=67"}],"version-history":[{"count":3,"href":"https:\/\/www.dafra.sk\/index.php?rest_route=\/wp\/v2\/pages\/67\/revisions"}],"predecessor-version":[{"id":134,"href":"https:\/\/www.dafra.sk\/index.php?rest_route=\/wp\/v2\/pages\/67\/revisions\/134"}],"wp:attachment":[{"href":"https:\/\/www.dafra.sk\/index.php?rest_route=%2Fwp%2Fv2%2Fmedia&parent=67"}],"curies":[{"name":"wp","href":"https:\/\/api.w.org\/{rel}","templated":true}]}}