{"id":52,"date":"2017-10-19T16:46:27","date_gmt":"2017-10-19T15:46:27","guid":{"rendered":"http:\/\/www.dafra.sk\/?page_id=52"},"modified":"2017-10-21T10:33:01","modified_gmt":"2017-10-21T09:33:01","slug":"anteny","status":"publish","type":"page","link":"https:\/\/www.dafra.sk\/?page_id=52","title":{"rendered":"ANT\u00c9NY"},"content":{"rendered":"<h2 style=\"text-align: center;\">Pon\u00fakame profesion\u00e1lnu \u00a0mont\u00e1\u017e\u00a0 ant\u00e9n na pr\u00edjem telev\u00edzneho a\u00a0r\u00e1diov\u00e9ho vysielania ktor\u00fa zabezpe\u010duj\u00fa \u0161kolen\u00fd technici s\u00a0dlhoro\u010dnou praxou v obore<\/h2>\n<p>&nbsp;<\/p>\n<p>&nbsp;<\/p>\n<p>&nbsp;<\/p>\n<p>Zaober\u00e1me \u00a0kompletnou dod\u00e1vkou ant\u00e9nnej techniky na telev\u00edzne vysielanie alebo na r\u00e1diov\u00e9 vysielanie . Pod\u013ea\u00a0 va\u0161ich prian\u00ed\u00a0 a\u00a0potrieb navrhneme najvhodnej\u0161ie komponenty do Va\u0161e ho domu , bytu alebo chaty. Na\u0161imi technick\u00fdmi rie\u0161eniami zabezpe\u010d\u00edme telev\u00edzny alebo r\u00e1diov\u00fd sign\u00e1l v\u010faka ktor\u00e9mu m\u00f4\u017eete sledova\u0165 z\u00e1kladn\u00e9 Slovensk\u00e9 \u010cesk\u00e9 pr\u00edpadne Ma\u010farsk\u00e9 TV programy samozrejme aj v\u00a0HD kvalite .<\/p>\n<p>Nesta\u010d\u00ed V\u00e1m z\u00e1klad? chcete viac ? nie je probl\u00e9m\u00a0 ako autorizovan\u00fd predajca slovensk\u00e9ho TV\u00a0 oper\u00e1tora PLUSTELKA V\u00e1m zabezpe\u010d\u00edme roz\u0161\u00edren\u00fa programov\u00fa ponuku v\u00a0ktorej si pr\u00edde na svoje ka\u017ed\u00fd \u010dlen rodiny .<\/p>\n<p>&nbsp;<\/p>\n<p><strong>ANTENY v\u00a0Bytov\u00fdch domoch a\u00a0\u010din\u017eiakoch :<\/strong><\/p>\n<p>Nepreme\u0161kajte \u0161peci\u00e1lne ponuky a\u00a0dot\u00e1cie na rekon\u0161trukciu STA-(spolo\u010dn\u00fdch telev\u00edznych ant\u00e9n) vo Va\u0161om bytovom dome. Zrekon\u0161truujeme k\u00e1blov\u00e9 vedenie a\u00a0\u00fa\u010dastn\u00edcke z\u00e1suvky vo va\u0161om bytovom dome , z recyklujeme p\u00f4vodn\u00e9 star\u00e9 a hrdzav\u00e9 ant\u00e9ny ,Navrhneme STA pod\u013ea va\u0161ich po\u017eiadaviek a Obnov\u00edme tak funk\u010dnos\u0165 TV z\u00e1suvky ktor\u00e1 je v\u00a0ka\u017edom byte.<\/p>\n<p>Pri vhodnom technickom rie\u0161en\u00ed vieme zabezpe\u010di\u0165 aj satelitn\u00fd sign\u00e1l do ka\u017ed\u00e9ho bytu ,\u010do je ve\u013emi vhodn\u00e9 ak sa chyst\u00e1te napr\u00edklad zatep\u013eova\u0165 \u010d\u00ed rekon\u0161truova\u0165 fas\u00e1du a\u00a0chate mat v\u00e1\u0161 bytov\u00fd dom pekn\u00fd a\u00a0bez ant\u00e9n parabol pri ka\u017edom okne. Satelitn\u00fd sign\u00e1l je distribuovan\u00fd cez TV \u00fa\u010dastn\u00edcke z\u00e1suvky v\u00a0stene alebo je vybudovan\u00e1 nov\u00e1 kabel\u00e1\u017e v\u00a0spolo\u010dn\u00fdch priestoroch .<\/p>\n<p>&nbsp;<\/p>\n<p><strong>KABLOVKY:<\/strong><\/p>\n<p>Pre V\u00e4\u010d\u0161ie objekty ako hotely, penzi\u00f3ny, domovy d\u00f4chodcov , bytov\u00e9 dom y a\u00a0s\u00eddliska vieme zabezpe\u010di\u0165 profesion\u00e1lnu STA (spolo\u010dn\u00fa telev\u00edznu ant\u00e9nu) alebo HEADEND stanicu ktor\u00e1 zabezpe\u010d\u00ed prijem ant\u00e9nnych a\u00a0satelitn\u00fdch TV a\u00a0RADIO programov.<\/p>\n<p>Z\u00e1rove\u0148 vieme zabezpe\u010di\u0165 aj vybudovanie potrebnej kabel\u00e1\u017ee pod\u013ea po\u017eiadaviek klienta a\u00a0objektu mont\u00e1\u017ee cez ktor\u00e9 bude n\u00e1sledn\u00e9 distribuovan\u00fd TV sign\u00e1l . Pri prac\u00ed pou\u017e\u00edvame moderne technologie priamo od nemeck\u00fdch v\u00fdrobcov ktor\u00e9 zabezpe\u010duj\u00fa dlhu \u017eivotnos\u0165 a\u00a0funkcionalitu syst\u00e9mu. Samozrejmostou je vysok\u00e1 kvalita obrazu HD a\u00a0r\u00f4zne Ine roz\u0161\u00edrenia ako EPG- elektronicky program. sprevodca ,HBB a\u00a0pod.<\/p>\n<p>Zabezpe\u010dujeme aj technick\u00e9 rie\u0161enie ktor\u00e9 v\u00e1m umo\u017en\u00ed vysiela\u0165 svoj vlastn\u00fd informa\u010dn\u00fd TV kan\u00e1l vo va\u0161ej k\u00e1blovej sieti a\u00a0zabezpe\u010di\u0165 tak inform\u00e1cie a\u00a0nad\u0161tandard pre va\u0161ich klientov \u010d\u00ed ubytovan\u00fdch.<\/p>\n<p>Do va\u0161ej k\u00e1blovej siete vieme spusti\u0165 ak\u00fdko\u013evek TV alebo RADIO program pod\u013ea va\u0161ich po\u017eiadaviek , t\u00fdm p\u00e1dom si viete vysklada\u0165 vlastn\u00fd programov\u00fd raster (zoznam kan\u00e1lov)<\/p>\n<p>Pokia\u013e mate star\u0161ie k\u00e1blov\u00e9 vedenie zabezpe\u010d\u00edme v\u00e1m v\u00fdmenu alebo rekon\u0161trukciu aby ste zabr\u00e1nili v\u00fdpadkom sign\u00e1lu a\u00a0diskomfortu va\u0161ich ubytovan\u00fdch .<\/p>\n<p>V\u00a0pr\u00edpade inform\u00e1cii n\u00e1\u0161 nev\u00e1hajte kontaktova\u0165.<\/p>\n","protected":false},"excerpt":{"rendered":"<p>Pon\u00fakame profesion\u00e1lnu \u00a0mont\u00e1\u017e\u00a0 ant\u00e9n na pr\u00edjem telev\u00edzneho a\u00a0r\u00e1diov\u00e9ho vysielania ktor\u00fa zabezpe\u010duj\u00fa \u0161kolen\u00fd technici s\u00a0dlhoro\u010dnou praxou v obore &nbsp; &nbsp; &nbsp; Zaober\u00e1me \u00a0kompletnou dod\u00e1vkou ant\u00e9nnej techniky na telev\u00edzne vysielanie alebo na r\u00e1diov\u00e9 vysielanie . Pod\u013ea\u00a0 va\u0161ich prian\u00ed\u00a0 a\u00a0potrieb navrhneme najvhodnej\u0161ie komponenty do Va\u0161e ho domu ,&#8230;<\/p>\n","protected":false},"author":1,"featured_media":0,"parent":0,"menu_order":0,"comment_status":"closed","ping_status":"closed","template":"","meta":{"footnotes":""},"_links":{"self":[{"href":"https:\/\/www.dafra.sk\/index.php?rest_route=\/wp\/v2\/pages\/52"}],"collection":[{"href":"https:\/\/www.dafra.sk\/index.php?rest_route=\/wp\/v2\/pages"}],"about":[{"href":"https:\/\/www.dafra.sk\/index.php?rest_route=\/wp\/v2\/types\/page"}],"author":[{"embeddable":true,"href":"https:\/\/www.dafra.sk\/index.php?rest_route=\/wp\/v2\/users\/1"}],"replies":[{"embeddable":true,"href":"https:\/\/www.dafra.sk\/index.php?rest_route=%2Fwp%2Fv2%2Fcomments&post=52"}],"version-history":[{"count":6,"href":"https:\/\/www.dafra.sk\/index.php?rest_route=\/wp\/v2\/pages\/52\/revisions"}],"predecessor-version":[{"id":132,"href":"https:\/\/www.dafra.sk\/index.php?rest_route=\/wp\/v2\/pages\/52\/revisions\/132"}],"wp:attachment":[{"href":"https:\/\/www.dafra.sk\/index.php?rest_route=%2Fwp%2Fv2%2Fmedia&parent=52"}],"curies":[{"name":"wp","href":"https:\/\/api.w.org\/{rel}","templated":true}]}}