{"id":2,"date":"2016-05-10T03:48:21","date_gmt":"2016-05-10T02:48:21","guid":{"rendered":"http:\/\/www.dafra.sk\/?page_id=2"},"modified":"2017-10-19T22:22:22","modified_gmt":"2017-10-19T21:22:22","slug":"uvod","status":"publish","type":"page","link":"https:\/\/www.dafra.sk\/","title":{"rendered":"\u00daVOD"},"content":{"rendered":"<h1>Vitajte na na\u0161ej str\u00e1nke<\/h1>\n","protected":false},"excerpt":{"rendered":"<p>Vitajte na na\u0161ej str\u00e1nke<\/p>\n","protected":false},"author":1,"featured_media":0,"parent":0,"menu_order":1,"comment_status":"closed","ping_status":"closed","template":"","meta":{"footnotes":""},"_links":{"self":[{"href":"https:\/\/www.dafra.sk\/index.php?rest_route=\/wp\/v2\/pages\/2"}],"collection":[{"href":"https:\/\/www.dafra.sk\/index.php?rest_route=\/wp\/v2\/pages"}],"about":[{"href":"https:\/\/www.dafra.sk\/index.php?rest_route=\/wp\/v2\/types\/page"}],"author":[{"embeddable":true,"href":"https:\/\/www.dafra.sk\/index.php?rest_route=\/wp\/v2\/users\/1"}],"replies":[{"embeddable":true,"href":"https:\/\/www.dafra.sk\/index.php?rest_route=%2Fwp%2Fv2%2Fcomments&post=2"}],"version-history":[{"count":4,"href":"https:\/\/www.dafra.sk\/index.php?rest_route=\/wp\/v2\/pages\/2\/revisions"}],"predecessor-version":[{"id":144,"href":"https:\/\/www.dafra.sk\/index.php?rest_route=\/wp\/v2\/pages\/2\/revisions\/144"}],"wp:attachment":[{"href":"https:\/\/www.dafra.sk\/index.php?rest_route=%2Fwp%2Fv2%2Fmedia&parent=2"}],"curies":[{"name":"wp","href":"https:\/\/api.w.org\/{rel}","templated":true}]}}